{"id":566,"date":"2017-09-20T17:34:35","date_gmt":"2017-09-20T15:34:35","guid":{"rendered":"https:\/\/duventdanslespantoufles.fr\/?page_id=566"},"modified":"2018-01-28T23:08:03","modified_gmt":"2018-01-28T22:08:03","slug":"bienvenue","status":"publish","type":"page","link":"https:\/\/duventdanslespantoufles.fr\/","title":{"rendered":"Bienvenue,"},"content":{"rendered":"<p>Je suis parti promener mes pantoufles. Le battement de leurs ailes fera peut-\u00eatre souffler un peu de vent dans les v\u00f4tres.<\/p>\n<p>Vous trouverez sur ce blog <strong>5<\/strong> grandes cat\u00e9gories d&#8217;articles :<\/p>\n<ul>\n<li><strong>Ecrits<\/strong> : Ce sont mes intentions premi\u00e8res, ce pourquoi ce blog existe. <strong>Le vent voyageur<\/strong>\u00a0y narre des histoires, mon voyage en bicyclette entre autres. Parfois il abat les voiles et s&#8217;arr\u00eate sur une personne en particulier.<\/li>\n<li><strong>Miscellan\u00e9es<\/strong> : Que la deuxi\u00e8me cat\u00e9gorie soit un fourre-tout signifie d\u00e9j\u00e0 beaucoup. Cette page recueille des po\u00e8mes, des amusements litt\u00e9raires et autres.<\/li>\n<li><strong>Voyages<\/strong> : Des conseils g\u00e9n\u00e9raux sur le voyage accompagn\u00e9s (peut-\u00eatre) de quelques retours particuliers sur les endroits que j&#8217;ai visit\u00e9s et sur lesquels je peux me faire un avis. Portion la plus proche des blogs de voyage classiques dont l&#8217;\u00e9criture ne m&#8217;int\u00e9resse pas particuli\u00e8rement. Mais je serai heureux de donner des informations pratiques sur les lieux visit\u00e9s \u00e0 qui les demanderait.<\/li>\n<li><strong>Photographie<\/strong> : J&#8217;aime bien prendre des photos, et je n&#8217;ai pas la force d&#8217;attendre l&#8217;in\u00e9vitable retour pour sacrifier une soir\u00e9e sur l&#8217;autel des diaporamas interminables.<\/li>\n<\/ul>\n<p>Si vous voulez \u00eatre avertis de la parution des nouveaux articles, vous pouvez secr\u00e8tement vous abonner ici\u00a0(Clique. Vas-y. Clique. Tu vas voir. C\u2019est vachement bien. Clique ) :\u00a0<a href=\"https:\/\/duventdanslespantoufles.fr\/index.php\/alerte\/\" target=\"_blank\" rel=\"noopener\">Abonne ta pantoufle<\/a><\/p>\n<p>Sinon, vous pouvez aussi aimer ma page facebook, et tout le monde le saura :\u00a0<a href=\"https:\/\/www.facebook.com\/DuVentDansLesPantoufles\" target=\"_blank\" rel=\"noopener\">Pour avoir la classe aupr\u00e8s de ses amis<\/a><\/p>\n<p>Merci d\u2019\u00eatre venu, n\u2019h\u00e9sitez pas \u00e0 m\u2019\u00e9crire, m\u00eame si c\u2019est pour m\u2019envoyer votre liste de courses. Bisous<\/p>\n<p>&nbsp;<\/p>\n<p>(Tous les contenus sont prot\u00e9g\u00e9s par les droits d&#8217;auteur)<\/p>\n","protected":false},"excerpt":{"rendered":"<p>Je suis parti promener mes pantoufles. Le battement de leurs ailes fera peut-\u00eatre souffler un peu de vent dans les v\u00f4tres. Vous trouverez sur ce blog 5 grandes cat\u00e9gories d&#8217;articles : Ecrits : Ce sont mes intentions premi\u00e8res, ce pourquoi ce blog existe. Le vent voyageur\u00a0y narre des histoires, mon voyage en bicyclette entre autres. [&hellip;]<\/p>\n","protected":false},"author":1,"featured_media":893,"parent":0,"menu_order":0,"comment_status":"closed","ping_status":"closed","template":"","meta":{"footnotes":""},"class_list":["post-566","page","type-page","status-publish","has-post-thumbnail","hentry"],"_links":{"self":[{"href":"https:\/\/duventdanslespantoufles.fr\/index.php\/wp-json\/wp\/v2\/pages\/566","targetHints":{"allow":["GET"]}}],"collection":[{"href":"https:\/\/duventdanslespantoufles.fr\/index.php\/wp-json\/wp\/v2\/pages"}],"about":[{"href":"https:\/\/duventdanslespantoufles.fr\/index.php\/wp-json\/wp\/v2\/types\/page"}],"author":[{"embeddable":true,"href":"https:\/\/duventdanslespantoufles.fr\/index.php\/wp-json\/wp\/v2\/users\/1"}],"replies":[{"embeddable":true,"href":"https:\/\/duventdanslespantoufles.fr\/index.php\/wp-json\/wp\/v2\/comments?post=566"}],"version-history":[{"count":10,"href":"https:\/\/duventdanslespantoufles.fr\/index.php\/wp-json\/wp\/v2\/pages\/566\/revisions"}],"predecessor-version":[{"id":1056,"href":"https:\/\/duventdanslespantoufles.fr\/index.php\/wp-json\/wp\/v2\/pages\/566\/revisions\/1056"}],"wp:featuredmedia":[{"embeddable":true,"href":"https:\/\/duventdanslespantoufles.fr\/index.php\/wp-json\/wp\/v2\/media\/893"}],"wp:attachment":[{"href":"https:\/\/duventdanslespantoufles.fr\/index.php\/wp-json\/wp\/v2\/media?parent=566"}],"curies":[{"name":"wp","href":"https:\/\/api.w.org\/{rel}","templated":true}]}}